{"id":905,"date":"2026-04-21T14:17:39","date_gmt":"2026-04-21T14:17:39","guid":{"rendered":"https:\/\/ebtresources.wpenginepowered.com\/nondiscrimination-statement\/"},"modified":"2026-04-29T14:48:56","modified_gmt":"2026-04-29T14:48:56","slug":"nondiscrimination-statement","status":"publish","type":"page","link":"https:\/\/chickasawnation.ebtresources.org\/es\/nondiscrimination-statement\/","title":{"rendered":"Nodiscriminaci\u00f3n Declaraci\u00f3n"},"content":{"rendered":"\t\t<div data-elementor-type=\"wp-page\" data-elementor-id=\"905\" class=\"elementor elementor-905 elementor-42\" data-elementor-post-type=\"page\">\n\t\t\t\t<div class=\"elementor-element elementor-element-0f370f0 round-overlay e-flex e-con-boxed e-con e-child\" data-id=\"0f370f0\" data-element_type=\"container\" data-e-type=\"container\" data-settings=\"{&quot;background_background&quot;:&quot;classic&quot;}\" role=\"complementary\" aria-label=\"WIC Bannaer Section\">\n\t\t\t\t\t<div class=\"e-con-inner\">\n\t\t\t\t<div class=\"elementor-element elementor-element-495ce18 elementor-invisible elementor-widget elementor-widget-heading\" data-id=\"495ce18\" data-element_type=\"widget\" data-e-type=\"widget\" data-settings=\"{&quot;_animation&quot;:&quot;fadeIn&quot;}\" data-widget_type=\"heading.default\">\n\t\t\t\t\t<h1 class=\"elementor-heading-title elementor-size-default\">Nodiscriminaci\u00f3n\nDeclaraci\u00f3n\n<\/h1>\t\t\t\t<\/div>\n\t\t\t\t\t<\/div>\n\t\t\t\t<\/div>\n\t\t<main class=\"elementor-element elementor-element-a6f6946 privacy-policy-page e-flex e-con-boxed e-con e-parent\" data-id=\"a6f6946\" data-element_type=\"container\" data-e-type=\"container\">\n\t\t\t\t\t<div class=\"e-con-inner\">\n\t\t\t\t<div class=\"elementor-element elementor-element-62867b1 elementor-invisible elementor-widget elementor-widget-heading\" data-id=\"62867b1\" data-element_type=\"widget\" data-e-type=\"widget\" data-settings=\"{&quot;_animation&quot;:&quot;fadeInUp&quot;}\" data-widget_type=\"heading.default\">\n\t\t\t\t\t<h2 class=\"elementor-heading-title elementor-size-default\">Nodiscriminaci\u00f3n Declaraci\u00f3n\n<\/h2>\t\t\t\t<\/div>\n\t\t\t\t<div class=\"elementor-element elementor-element-82f41a8 link-orange elementor-invisible elementor-widget elementor-widget-text-editor\" data-id=\"82f41a8\" data-element_type=\"widget\" data-e-type=\"widget\" data-settings=\"{&quot;_animation&quot;:&quot;fadeInUp&quot;}\" data-widget_type=\"text-editor.default\">\n\t\t\t\t\t\t\t\t\t<p>De conformidad con la ley federal de derechos civiles y las reglamentaciones y pol\u00edticas sobre derechos civiles del Departamento de Agricultura de los Estados Unidos (USDA), el USDA, sus agencias, oficinas y empleados, as\u00ed como las instituciones que participan o desarrollan programas del USDA, tienen prohibido discriminar por motivos de raza, color, origen nacional, religi\u00f3n, sexo, discapacidad, edad, estado civil, situaci\u00f3n familiar o parental, ingresos derivados de un programa de asistencia p\u00fablica, creencias pol\u00edticas, o imponer represalias o cualquier otra forma de represalia por actividades previas relacionadas con derechos civiles, en cualquier programa o actividad dirigida o financiada por el USDA (no todas las bases se aplican a todos los programas). Los plazos de presentaci\u00f3n de recursos y quejas var\u00edan seg\u00fan el programa o el incidente.<\/p><p>Las personas con discapacidades que necesitan medios alternativos de comunicaci\u00f3n para obtener informaci\u00f3n del programa (como braille, textos con letra grande, grabaciones, Lengua de Se\u00f1as Americana, etc.) deben comunicarse con la agencia local o estatal que administra el programa o al USDA mediante el Servicio de Retransmisi\u00f3n de Telecomunicaciones al 711 (voz y TTY). Asimismo, la informaci\u00f3n del programa tambi\u00e9n puede estar disponible en idiomas distintos del ingl\u00e9s.<\/p><p>Para presentar una queja de discriminaci\u00f3n en el programa, complete el Formulario de Quejas por Discriminaci\u00f3n en el Programa, AD-3027, disponible en l\u00ednea en<span style=\"text-decoration: underline;\"> <a href=\"https:\/\/www.usda.gov\/oascr\/how-to-file-a-program-discrimination-complaint\" target=\"_blank\" rel=\"noopener\">C\u00f3mo presentar una queja por discriminaci\u00f3n en un programa<\/a><\/span> o en cualquier oficina del USDA; tambi\u00e9n puede escribir una carta dirigida al USDA y brindar en ella toda la informaci\u00f3n solicitada en el formulario. Para solicitar una copia del formulario de quejas, llame al <a href=\"tel:8666329992\"><span class=\"break-number\" style=\"text-decoration: underline;\">(866) 632-9992<\/span><\/a>. Env\u00ede el formulario completado o la carta completada al USDA por: (1) correo postal: U.S. Department of Agriculture, Office of the Assistant Secretary for Civil Rights, 1400 Independence Avenue, SW, Mail Stop 9410, Washington, D.C. 20250-9410; (2) <span class=\"break-number\"> (202) 690-7442<\/span>; o (3) correo electr\u00f3nico:\u00a0<a class=\"break-number\" href=\"mailto:program.intake@usda.gov\">program.intake@usda.gov<\/a>.<\/p>\t\t\t\t\t\t\t\t<\/div>\n\t\t\t\t<div class=\"elementor-element elementor-element-6eed036 elementor-invisible elementor-widget elementor-widget-text-editor\" data-id=\"6eed036\" data-element_type=\"widget\" data-e-type=\"widget\" data-settings=\"{&quot;_animation&quot;:&quot;fadeInUp&quot;}\" data-widget_type=\"text-editor.default\">\n\t\t\t\t\t\t\t\t\tEl USDA es un proveedor, empleador y prestamista que ofrece igualdad de oportunidades.\t\t\t\t\t\t\t\t<\/div>\n\t\t\t\t\t<\/div>\n\t\t\t\t<\/main>\n\t\t\t\t<\/div>\n\t\t","protected":false},"excerpt":{"rendered":"<p>Nodiscriminaci\u00f3n Declaraci\u00f3n Nodiscriminaci\u00f3n Declaraci\u00f3n De conformidad con la ley federal de derechos civiles y las reglamentaciones y pol\u00edticas sobre derechos civiles del Departamento de Agricultura de los Estados Unidos (USDA), el USDA, sus agencias, oficinas y empleados, as\u00ed como las instituciones que participan o desarrollan programas del USDA, tienen prohibido discriminar por motivos de raza, [&hellip;]<\/p>\n","protected":false},"author":2,"featured_media":0,"parent":0,"menu_order":0,"comment_status":"closed","ping_status":"closed","template":"","meta":{"_acf_changed":false,"_angie_page":false,"footnotes":""},"class_list":["post-905","page","type-page","status-publish","hentry"],"acf":[],"yoast_head":"<!-- This site is optimized with the Yoast SEO plugin v27.5 - https:\/\/yoast.com\/product\/yoast-seo-wordpress\/ -->\n<title>USDA Nondiscrimination Statement<\/title>\n<meta name=\"description\" content=\"Read the USDA nondiscrimination statement for the Chickasaw Nation Summer EBT Program, including how to file a program discrimination complaint.\" \/>\n<meta name=\"robots\" content=\"noindex, follow, max-snippet:-1, max-image-preview:large, max-video-preview:-1\" \/>\n<meta property=\"og:locale\" content=\"es_ES\" \/>\n<meta property=\"og:type\" content=\"article\" \/>\n<meta property=\"og:title\" content=\"USDA Nondiscrimination Statement\" \/>\n<meta property=\"og:description\" content=\"Read the USDA nondiscrimination statement for the Chickasaw Nation Summer EBT Program, including how to file a program discrimination complaint.\" \/>\n<meta property=\"og:url\" content=\"https:\/\/chickasawnation.ebtresources.org\/es\/nondiscrimination-statement\/\" \/>\n<meta property=\"og:site_name\" content=\"Chickasaw Nation Summer EBT Program\" \/>\n<meta property=\"article:modified_time\" content=\"2026-04-29T14:48:56+00:00\" \/>\n<meta property=\"og:image\" content=\"https:\/\/chickasawnation.ebtresources.org\/wp-content\/uploads\/2026\/04\/Summer-EBT-Logo.webp\" \/>\n\t<meta property=\"og:image:width\" content=\"1800\" \/>\n\t<meta property=\"og:image:height\" content=\"900\" \/>\n\t<meta property=\"og:image:type\" content=\"image\/png\" \/>\n<meta name=\"twitter:card\" content=\"summary_large_image\" \/>\n<meta name=\"twitter:label1\" content=\"Tiempo de lectura\" \/>\n\t<meta name=\"twitter:data1\" content=\"2 minutos\" \/>\n<script type=\"application\/ld+json\" class=\"yoast-schema-graph\">{\"@context\":\"https:\\\/\\\/schema.org\",\"@graph\":[{\"@type\":\"WebPage\",\"@id\":\"https:\\\/\\\/chickasawnation.ebtresources.org\\\/es\\\/nondiscrimination-statement\\\/\",\"url\":\"https:\\\/\\\/chickasawnation.ebtresources.org\\\/es\\\/nondiscrimination-statement\\\/\",\"name\":\"USDA Nondiscrimination Statement\",\"isPartOf\":{\"@id\":\"https:\\\/\\\/chickasawnation.ebtresources.org\\\/es\\\/#website\"},\"datePublished\":\"2026-04-21T14:17:39+00:00\",\"dateModified\":\"2026-04-29T14:48:56+00:00\",\"description\":\"Read the USDA nondiscrimination statement for the Chickasaw Nation Summer EBT Program, including how to file a program discrimination complaint.\",\"breadcrumb\":{\"@id\":\"https:\\\/\\\/chickasawnation.ebtresources.org\\\/es\\\/nondiscrimination-statement\\\/#breadcrumb\"},\"inLanguage\":\"es\",\"potentialAction\":[{\"@type\":\"ReadAction\",\"target\":[\"https:\\\/\\\/chickasawnation.ebtresources.org\\\/es\\\/nondiscrimination-statement\\\/\"]}]},{\"@type\":\"BreadcrumbList\",\"@id\":\"https:\\\/\\\/chickasawnation.ebtresources.org\\\/es\\\/nondiscrimination-statement\\\/#breadcrumb\",\"itemListElement\":[{\"@type\":\"ListItem\",\"position\":1,\"name\":\"Home\",\"item\":\"https:\\\/\\\/chickasawnation.ebtresources.org\\\/es\\\/\"},{\"@type\":\"ListItem\",\"position\":2,\"name\":\"Nodiscriminaci\u00f3n Declaraci\u00f3n\"}]},{\"@type\":\"WebSite\",\"@id\":\"https:\\\/\\\/chickasawnation.ebtresources.org\\\/es\\\/#website\",\"url\":\"https:\\\/\\\/chickasawnation.ebtresources.org\\\/es\\\/\",\"name\":\"Chickasaw Nation Summer EBT Program\",\"description\":\"\",\"publisher\":{\"@id\":\"https:\\\/\\\/chickasawnation.ebtresources.org\\\/es\\\/#organization\"},\"potentialAction\":[{\"@type\":\"SearchAction\",\"target\":{\"@type\":\"EntryPoint\",\"urlTemplate\":\"https:\\\/\\\/chickasawnation.ebtresources.org\\\/es\\\/?s={search_term_string}\"},\"query-input\":{\"@type\":\"PropertyValueSpecification\",\"valueRequired\":true,\"valueName\":\"search_term_string\"}}],\"inLanguage\":\"es\"},{\"@type\":\"Organization\",\"@id\":\"https:\\\/\\\/chickasawnation.ebtresources.org\\\/es\\\/#organization\",\"name\":\"The Chickasaw Nation Summer EBT\",\"url\":\"https:\\\/\\\/chickasawnation.ebtresources.org\\\/es\\\/\",\"logo\":{\"@type\":\"ImageObject\",\"inLanguage\":\"es\",\"@id\":\"https:\\\/\\\/chickasawnation.ebtresources.org\\\/es\\\/#\\\/schema\\\/logo\\\/image\\\/\",\"url\":\"https:\\\/\\\/chickasawnation.ebtresources.org\\\/wp-content\\\/uploads\\\/2026\\\/04\\\/Summer-EBT-Logo_white.webp\",\"contentUrl\":\"https:\\\/\\\/chickasawnation.ebtresources.org\\\/wp-content\\\/uploads\\\/2026\\\/04\\\/Summer-EBT-Logo_white.webp\",\"width\":500,\"height\":236,\"caption\":\"The Chickasaw Nation Summer EBT\"},\"image\":{\"@id\":\"https:\\\/\\\/chickasawnation.ebtresources.org\\\/es\\\/#\\\/schema\\\/logo\\\/image\\\/\"}}]}<\/script>\n<!-- \/ Yoast SEO plugin. -->","yoast_head_json":{"title":"USDA Nondiscrimination Statement","description":"Read the USDA nondiscrimination statement for the Chickasaw Nation Summer EBT Program, including how to file a program discrimination complaint.","robots":{"index":"noindex","follow":"follow","max-snippet":"max-snippet:-1","max-image-preview":"max-image-preview:large","max-video-preview":"max-video-preview:-1"},"og_locale":"es_ES","og_type":"article","og_title":"USDA Nondiscrimination Statement","og_description":"Read the USDA nondiscrimination statement for the Chickasaw Nation Summer EBT Program, including how to file a program discrimination complaint.","og_url":"https:\/\/chickasawnation.ebtresources.org\/es\/nondiscrimination-statement\/","og_site_name":"Chickasaw Nation Summer EBT Program","article_modified_time":"2026-04-29T14:48:56+00:00","og_image":[{"width":1800,"height":900,"url":"https:\/\/chickasawnation.ebtresources.org\/wp-content\/uploads\/2026\/04\/Summer-EBT-Logo.webp","type":"image\/png"}],"twitter_card":"summary_large_image","twitter_misc":{"Tiempo de lectura":"2 minutos"},"schema":{"@context":"https:\/\/schema.org","@graph":[{"@type":"WebPage","@id":"https:\/\/chickasawnation.ebtresources.org\/es\/nondiscrimination-statement\/","url":"https:\/\/chickasawnation.ebtresources.org\/es\/nondiscrimination-statement\/","name":"USDA Nondiscrimination Statement","isPartOf":{"@id":"https:\/\/chickasawnation.ebtresources.org\/es\/#website"},"datePublished":"2026-04-21T14:17:39+00:00","dateModified":"2026-04-29T14:48:56+00:00","description":"Read the USDA nondiscrimination statement for the Chickasaw Nation Summer EBT Program, including how to file a program discrimination complaint.","breadcrumb":{"@id":"https:\/\/chickasawnation.ebtresources.org\/es\/nondiscrimination-statement\/#breadcrumb"},"inLanguage":"es","potentialAction":[{"@type":"ReadAction","target":["https:\/\/chickasawnation.ebtresources.org\/es\/nondiscrimination-statement\/"]}]},{"@type":"BreadcrumbList","@id":"https:\/\/chickasawnation.ebtresources.org\/es\/nondiscrimination-statement\/#breadcrumb","itemListElement":[{"@type":"ListItem","position":1,"name":"Home","item":"https:\/\/chickasawnation.ebtresources.org\/es\/"},{"@type":"ListItem","position":2,"name":"Nodiscriminaci\u00f3n Declaraci\u00f3n"}]},{"@type":"WebSite","@id":"https:\/\/chickasawnation.ebtresources.org\/es\/#website","url":"https:\/\/chickasawnation.ebtresources.org\/es\/","name":"Chickasaw Nation Summer EBT Program","description":"","publisher":{"@id":"https:\/\/chickasawnation.ebtresources.org\/es\/#organization"},"potentialAction":[{"@type":"SearchAction","target":{"@type":"EntryPoint","urlTemplate":"https:\/\/chickasawnation.ebtresources.org\/es\/?s={search_term_string}"},"query-input":{"@type":"PropertyValueSpecification","valueRequired":true,"valueName":"search_term_string"}}],"inLanguage":"es"},{"@type":"Organization","@id":"https:\/\/chickasawnation.ebtresources.org\/es\/#organization","name":"The Chickasaw Nation Summer EBT","url":"https:\/\/chickasawnation.ebtresources.org\/es\/","logo":{"@type":"ImageObject","inLanguage":"es","@id":"https:\/\/chickasawnation.ebtresources.org\/es\/#\/schema\/logo\/image\/","url":"https:\/\/chickasawnation.ebtresources.org\/wp-content\/uploads\/2026\/04\/Summer-EBT-Logo_white.webp","contentUrl":"https:\/\/chickasawnation.ebtresources.org\/wp-content\/uploads\/2026\/04\/Summer-EBT-Logo_white.webp","width":500,"height":236,"caption":"The Chickasaw Nation Summer EBT"},"image":{"@id":"https:\/\/chickasawnation.ebtresources.org\/es\/#\/schema\/logo\/image\/"}}]}},"_links":{"self":[{"href":"https:\/\/chickasawnation.ebtresources.org\/es\/wp-json\/wp\/v2\/pages\/905","targetHints":{"allow":["GET"]}}],"collection":[{"href":"https:\/\/chickasawnation.ebtresources.org\/es\/wp-json\/wp\/v2\/pages"}],"about":[{"href":"https:\/\/chickasawnation.ebtresources.org\/es\/wp-json\/wp\/v2\/types\/page"}],"author":[{"embeddable":true,"href":"https:\/\/chickasawnation.ebtresources.org\/es\/wp-json\/wp\/v2\/users\/2"}],"replies":[{"embeddable":true,"href":"https:\/\/chickasawnation.ebtresources.org\/es\/wp-json\/wp\/v2\/comments?post=905"}],"version-history":[{"count":0,"href":"https:\/\/chickasawnation.ebtresources.org\/es\/wp-json\/wp\/v2\/pages\/905\/revisions"}],"wp:attachment":[{"href":"https:\/\/chickasawnation.ebtresources.org\/es\/wp-json\/wp\/v2\/media?parent=905"}],"curies":[{"name":"wp","href":"https:\/\/api.w.org\/{rel}","templated":true}]}}